{"id":3,"date":"2023-11-07T14:07:08","date_gmt":"2023-11-07T14:07:08","guid":{"rendered":"https:\/\/aitecservice.com\/?page_id=3"},"modified":"2025-12-05T09:28:10","modified_gmt":"2025-12-05T09:28:10","slug":"mentions-legales-et-politique-de-confidentialite","status":"publish","type":"page","link":"https:\/\/aitecservice.com\/index.php\/mentions-legales-et-politique-de-confidentialite\/","title":{"rendered":"Mentions l\u00e9gales et politiques de confidentialit\u00e9s"},"content":{"rendered":"[et_pb_section fb_built=\u00a0\u00bb1&Prime; _builder_version=\u00a0\u00bb4.22.1&Prime; _module_preset=\u00a0\u00bbdefault\u00a0\u00bb custom_margin=\u00a0\u00bb80px||80px||true|false\u00a0\u00bb global_colors_info=\u00a0\u00bb{}\u00a0\u00bb][et_pb_row _builder_version=\u00a0\u00bb4.22.1&Prime; _module_preset=\u00a0\u00bbdefault\u00a0\u00bb global_colors_info=\u00a0\u00bb{}\u00a0\u00bb][et_pb_column type=\u00a0\u00bb4_4&Prime; _builder_version=\u00a0\u00bb4.22.1&Prime; _module_preset=\u00a0\u00bbdefault\u00a0\u00bb global_colors_info=\u00a0\u00bb{}\u00a0\u00bb][et_pb_post_title meta=\u00a0\u00bboff\u00a0\u00bb featured_image=\u00a0\u00bboff\u00a0\u00bb _builder_version=\u00a0\u00bb4.22.1&Prime; _module_preset=\u00a0\u00bbdefault\u00a0\u00bb title_font=\u00a0\u00bbMontserrat|600|||||||\u00a0\u00bb title_text_color=\u00a0\u00bb#ED8B00&Prime; global_colors_info=\u00a0\u00bb{}\u00a0\u00bb][\/et_pb_post_title][et_pb_text _builder_version=\u00a0\u00bb4.22.1&Prime; _module_preset=\u00a0\u00bbdefault\u00a0\u00bb global_colors_info=\u00a0\u00bb{}\u00a0\u00bb]<p><\/p>\n<p><em>En vigueur au 16\/12\/2020<\/em><\/p>\n<p> <\/p>\n<p>Conform\u00e9ment aux dispositions des Articles 6-III et 19 de la Loi n\u00b02004-575 du 21 juin 2004 pour la Confiance dans l\u2019\u00e9conomie num\u00e9rique, dite L.C.E.N., il est port\u00e9 \u00e0 la connaissance des Utilisateurs du site\u00a0<em>www.aitecservice.com\u00a0<\/em>les pr\u00e9sentes mentions l\u00e9gales.<\/p>\n<p> <\/p>\n<p>La connexion et la navigation sur le site\u00a0<em>www.aitecservice.com<\/em>\u00a0par l\u2019Utilisateur implique acceptation int\u00e9grale et sans r\u00e9serve des pr\u00e9sentes mentions l\u00e9gales.<\/p>\n<p> <\/p>\n<h2 class=\"wp-block-heading\">L&rsquo;\u00c9DITEUR<\/h2>\n<p> <\/p>\n<p>L\u2019\u00e9dition du site www.aitecservice.com est assur\u00e9e par la Soci\u00e9t\u00e9\u00a0<strong>SARL AITEC<\/strong>\u00a0au capital de 13000 euros, immatricul\u00e9e au\u00a0<strong>RCS de Avignon<\/strong>\u00a0sous le num\u00e9ro\u00a0<strong>439 734 245<\/strong>\u00a0dont le si\u00e8ge social est situ\u00e9 au\u00a0<strong>8 Avenue d\u2019Avignon \u2013 84300 CAVAILLON<\/strong>, num\u00e9ro de t\u00e9l\u00e9phone\u00a0<strong>04.90.76.77.04<\/strong>, adresse e-mail :\u00a0<a href=\"mailto:info@aitecservice.com\">info@aitecservice.com<\/a>.<\/p>\n<p> <\/p>\n<p>N\u00b0 de TVA intracommunautaire :\u00a0<strong>FR31439734245<\/strong><\/p>\n<p> <\/p>\n<h2 class=\"wp-block-heading\">L&rsquo;H\u00c9BERGEUR<\/h2>\n<p> <\/p>\n<p>L\u2019h\u00e9bergeur du site www.aitecservice.com est la Soci\u00e9t\u00e9\u00a0<strong>AITEC Service<\/strong>, dont le si\u00e8ge social est situ\u00e9 au\u00a0<strong>8 Avenue d\u2019Avignon \u2013 84300 CAVAILLON<\/strong>\u00a0, avec le num\u00e9ro de t\u00e9l\u00e9phone :\u00a0<strong>04.90.76.77.04<\/strong>.<\/p>\n<p> <\/p>\n<h2 class=\"wp-block-heading\">ACC\u00c8S AU SITE<\/h2>\n<p> <\/p>\n<p>Le site est accessible par tout endroit, 7j\/7, 24h\/24 sauf cas de force majeure, interruption programm\u00e9e ou non et pouvant d\u00e9coulant d\u2019une n\u00e9cessit\u00e9 de maintenance.<\/p>\n<p> <\/p>\n<p>En cas de modification, interruption ou suspension des services le site\u00a0<em>www.aitecservice.com\u00a0<\/em>ne saurait \u00eatre tenu responsable.<\/p>\n<p> <\/p>\n<h2 class=\"wp-block-heading\">COLLECTE DES DONN\u00c9ES<\/h2>\n<p> <\/p>\n<p>Les informations recueillies vous concernant font l\u2019objet d\u2019un traitement destin\u00e9 \u00e0 :\u00a0<strong>AITEC Service<\/strong><\/p>\n<p> <\/p>\n<p>Pour la finalit\u00e9 suivante :\u00a0<strong>Contact et informations<\/strong><\/p>\n<p> <\/p>\n<p>Les destinataires de ces donn\u00e9es sont :\u00a0<strong>AITEC Service<\/strong><\/p>\n<p> <\/p>\n<p>La dur\u00e9e de conservation des donn\u00e9es est de\u00a0<strong>365 jours<\/strong><\/p>\n<p> <\/p>\n<p>Vous b\u00e9n\u00e9ficiez d\u2019un droit d\u2019acc\u00e8s, de rectification, de portabilit\u00e9, d\u2019effacement de celles-ci ou une limitation du traitement.<\/p>\n<p> <\/p>\n<p>Vous pouvez vous opposer au traitement des donn\u00e9es vous concernant et disposez du droit de retirer votre consentement \u00e0 tout moment en vous adressant \u00e0\u00a0\u00a0<a href=\"mailto:info@aitecservice.com\">info@aitecservice.com<\/a><\/p>\n<p> <\/p>\n<p>Vous avez la possibilit\u00e9 d\u2019introduire une r\u00e9clamation aupr\u00e8s d\u2019une autorit\u00e9 de contr\u00f4le.<\/p>\n<p> <\/p>\n<h2 class=\"wp-block-heading\">COOKIES<\/h2>\n<p> <\/p>\n<p>L\u2019Utilisateur est inform\u00e9 que lors de ses visites sur le site, un cookie peut s\u2019installer automatiquement sur son logiciel de navigation.<\/p>\n<p> <\/p>\n<p>En naviguant sur le site, il les accepte.<\/p>\n<p> <\/p>\n<p>Un cookie est un \u00e9l\u00e9ment qui ne permet pas d\u2019identifier l\u2019Utilisateur mais sert \u00e0 enregistrer des informations relatives \u00e0 la navigation de celui-ci sur le site Internet. L\u2019Utilisateur pourra d\u00e9sactiver ce cookie par l\u2019interm\u00e9diaire des param\u00e8tres figurant au sein de son logiciel de navigation.<\/p>\n<p> <\/p>\n<p><strong>Accepter ou refuser les cookies<\/strong><br \/>Vous disposez de diff\u00e9rents moyens pour g\u00e9rer les cookies.<br \/>Le param\u00e9trage de votre navigateur internet<br \/>Vous pouvez \u00e0 tout moment choisir de d\u00e9sactiver ces cookies. Votre navigateur peut \u00e9galement \u00eatre param\u00e9tr\u00e9 pour vous signaler les cookies qui sont d\u00e9pos\u00e9s dans votre ordinateur et vous demander de les accepter ou non. Vous pouvez accepter ou refuser les cookies au cas par cas ou bien les refuser syst\u00e9matiquement une fois pour toutes.<\/p>\n<p> <\/p>\n<p>Nous vous rappelons que le param\u00e9trage est susceptible de modifier vos conditions d\u2019acc\u00e8s \u00e0 nos services n\u00e9cessitant l\u2019utilisation de cookies.<\/p>\n<p> <\/p>\n<p>Si votre navigateur est configur\u00e9 de mani\u00e8re \u00e0 refuser l\u2019ensemble des cookies, vous ne pourrez pas effectuer profiter de fonctions essentielles de notre site. Afin de g\u00e9rer les cookies au plus pr\u00e8s de vos attentes nous vous invitons \u00e0 param\u00e9trer votre navigateur en tenant compte de la finalit\u00e9 des cookies telle que mentionn\u00e9e ci-avant.<\/p>\n<p> <\/p>\n<p>Voici comment contr\u00f4ler ou emp\u00eacher l\u2019enregistrement des cookies.<\/p>\n<p> <\/p>\n<p>La configuration de chaque navigateur est diff\u00e9rente. Elle est d\u00e9crite dans le menu d\u2019aide de votre navigateur, qui vous permettra de savoir de quelle mani\u00e8re modifier vos souhaits en mati\u00e8re de cookies.<br \/>Vous pouvez d\u00e9sactiver les cookies en suivant les instructions comme suit :<\/p>\n<p> <\/p>\n<p><strong>a\/ si vous utilisez le navigateur Internet Explorer<\/strong><br \/>1.Cliquez sur l\u2019ic\u00f4ne de roue dent\u00e9e en haut \u00e0 droite de l\u2019\u00e9cran<br \/>2.Options internet<br \/>3.Onglet Confidentialit\u00e9 &gt; Sites<br \/>4.Cliquez sur Tout supprimer (ou s\u00e9lectionnez le cookie d\u00e9sir\u00e9 et cliquez sur Supprimer)<\/p>\n<p> <\/p>\n<p><strong>b\/ si vous utilisez le navigateur Firefox<\/strong><br \/>1. Allez dans le menu hamburger&gt;Options<br \/>2. Dans la fen\u00eatre qui s\u2019affiche, choisissez \u00ab\u00a0Vie priv\u00e9e et s\u00e9curit\u00e9\u00a0\u00bb et cliquez sur \u00a0\u00bb Cookies et donn\u00e9es de sites\u00a0\u00bb&gt;G\u00e9rer les donn\u00e9es\u2026<br \/>3. Rep\u00e9rez les fichiers qui contiennent le nom \u00a0\u00bb le nom de votre site \u00a0\u00bb S\u00e9lectionnez-les et supprimez-les.<\/p>\n<p> <\/p>\n<p><strong>c\/ si vous utilisez le navigateur Safari<\/strong><br \/>1. Ouvrez Safari.<br \/>2. Cliquez sur Safari dans la barre des menus.<br \/>3. S\u00e9lectionnez Pr\u00e9f\u00e9rences\u2026<br \/>4. S\u00e9lectionner l\u2019onglet Confidentialit\u00e9<br \/>5. Cliquez sur d\u00e9tails et Supprimer dans le champ Cookies et autres donn\u00e9es de sites web et supprimer<\/p>\n<p> <\/p>\n<p><strong>d\/ si vous utilisez le navigateur Google Chrome<\/strong><br \/>1. Sur votre ordinateur, ouvrez Chrome.<br \/>2. Dans l\u2019angle sup\u00e9rieur droit, cliquez sur Plus Param\u00e8tres.<br \/>3. En bas, cliquez sur Param\u00e8tres avanc\u00e9s.<br \/>4. Dans la section \u00ab\u00a0Confidentialit\u00e9 et s\u00e9curit\u00e9\u00a0\u00bb, cliquez sur Param\u00e8tres du contenu.<br \/>5. Cliquez sur Cookies.<br \/>6. Dans la section \u00ab\u00a0Ensemble des cookies et donn\u00e9es de site\u00a0\u00bb, recherchez le nom du site Web.<br \/>7. \u00c0 droite du site, cliquez sur Supprimer .<\/p>\n<p> <\/p>\n<h2 class=\"wp-block-heading\">PROPRI\u00c9T\u00c9 INTELLECTUELLE<\/h2>\n<p> <\/p>\n<p><strong>AITEC Service<\/strong>\u00a0se r\u00e9serve le droit de modifier ces conditions \u00e0 tout moment sans pr\u00e9avis.<\/p>\n<p> <\/p>\n<p>Tous les \u00e9l\u00e9ments figurant sur ce site (texte, \u00e9l\u00e9ments graphiques ou multim\u00e9dia) sont la propri\u00e9t\u00e9 de\u00a0<strong>AITEC Service<\/strong>\u00a0ainsi que de leurs auteurs respectifs. Toute utilisation, reproduction, diffusion, commercialisation, modification de toute ou partie du site\u00a0<em>www.aitecservice.com<\/em>,\u00a0\u00a0sans autorisation de l\u2019Editeur est prohib\u00e9e et pourra entra\u00een\u00e9e des actions et poursuites judiciaires telles que notamment pr\u00e9vues par le Code de la propri\u00e9t\u00e9 intellectuelle et le Code civil.\u00a0<\/p>\n<p> <\/p>\n<p>Toutes les informations donn\u00e9es sur ce site peuvent contenir des erreurs techniques et\/ou typographiques.<\/p>\n<p> <\/p>\n<p>Les donn\u00e9es de ce site sont fournies \u00e0 titre indicatif sans aucune garantie implicite ou explicite.<\/p>\n<p> <\/p>\n<p><strong>AITEC Service<\/strong>\u00a0se d\u00e9sengage de toute utilisation licite ou illicite des donn\u00e9es figurant sur ce site.<\/p>\n<p><\/p>[\/et_pb_text][\/et_pb_column][\/et_pb_row][\/et_pb_section]","protected":false},"excerpt":{"rendered":"<p>En vigueur au 16\/12\/2020 Conform\u00e9ment aux dispositions des Articles 6-III et 19 de la Loi n\u00b02004-575 du 21 juin 2004 pour la Confiance dans l\u2019\u00e9conomie num\u00e9rique, dite L.C.E.N., il est port\u00e9 \u00e0 la connaissance des Utilisateurs du site\u00a0www.aitecservice.com\u00a0les pr\u00e9sentes mentions l\u00e9gales. La connexion et la navigation sur le site\u00a0www.aitecservice.com\u00a0par l\u2019Utilisateur implique acceptation int\u00e9grale et sans [&hellip;]<\/p>\n","protected":false},"author":1,"featured_media":0,"parent":0,"menu_order":0,"comment_status":"closed","ping_status":"closed","template":"","meta":{"_et_pb_use_builder":"on","_et_pb_old_content":"<!-- wp:heading -->\r\n<h2 class=\"wp-block-heading\"><\/h2>\r\n<!-- \/wp:heading -->\r\n\r\n<!-- wp:paragraph -->\r\n<p><\/p>\r\n<!-- \/wp:paragraph -->","_et_gb_content_width":"","footnotes":""},"class_list":["post-3","page","type-page","status-publish","hentry"],"_links":{"self":[{"href":"https:\/\/aitecservice.com\/index.php\/wp-json\/wp\/v2\/pages\/3","targetHints":{"allow":["GET"]}}],"collection":[{"href":"https:\/\/aitecservice.com\/index.php\/wp-json\/wp\/v2\/pages"}],"about":[{"href":"https:\/\/aitecservice.com\/index.php\/wp-json\/wp\/v2\/types\/page"}],"author":[{"embeddable":true,"href":"https:\/\/aitecservice.com\/index.php\/wp-json\/wp\/v2\/users\/1"}],"replies":[{"embeddable":true,"href":"https:\/\/aitecservice.com\/index.php\/wp-json\/wp\/v2\/comments?post=3"}],"version-history":[{"count":4,"href":"https:\/\/aitecservice.com\/index.php\/wp-json\/wp\/v2\/pages\/3\/revisions"}],"predecessor-version":[{"id":253162,"href":"https:\/\/aitecservice.com\/index.php\/wp-json\/wp\/v2\/pages\/3\/revisions\/253162"}],"wp:attachment":[{"href":"https:\/\/aitecservice.com\/index.php\/wp-json\/wp\/v2\/media?parent=3"}],"curies":[{"name":"wp","href":"https:\/\/api.w.org\/{rel}","templated":true}]}}